{"id":23,"date":"2020-09-11T11:04:40","date_gmt":"2020-09-11T14:04:40","guid":{"rendered":"https:\/\/veseletrica.com.br\/?page_id=23"},"modified":"2025-01-31T10:32:20","modified_gmt":"2025-01-31T13:32:20","slug":"prestacao-de-servicos","status":"publish","type":"page","link":"https:\/\/veseletrica.com.br\/","title":{"rendered":"Home"},"content":{"rendered":"\t\t<div data-elementor-type=\"wp-page\" data-elementor-id=\"23\" class=\"elementor elementor-23\" data-elementor-settings=\"[]\">\n\t\t\t\t\t\t<div class=\"elementor-inner\">\n\t\t\t\t\t\t\t<div class=\"elementor-section-wrap\">\n\t\t\t\t\t\t\t<section class=\"elementor-section elementor-top-section elementor-element elementor-element-ddf5273 elementor-section-boxed elementor-section-height-default elementor-section-height-default\" data-id=\"ddf5273\" data-element_type=\"section\">\n\t\t\t\t\t\t<div class=\"elementor-container elementor-column-gap-default\">\n\t\t\t\t\t\t\t<div class=\"elementor-row\">\n\t\t\t\t\t<div class=\"elementor-column elementor-col-100 elementor-top-column elementor-element elementor-element-cb23a6e\" data-id=\"cb23a6e\" data-element_type=\"column\">\n\t\t\t<div class=\"elementor-column-wrap elementor-element-populated\">\n\t\t\t\t\t\t\t<div class=\"elementor-widget-wrap\">\n\t\t\t\t\t\t<div class=\"elementor-element elementor-element-18e6faa elementor-widget elementor-widget-spacer\" data-id=\"18e6faa\" data-element_type=\"widget\" data-widget_type=\"spacer.default\">\n\t\t\t\t<div class=\"elementor-widget-container\">\n\t\t\t\t\t<div class=\"elementor-spacer\">\n\t\t\t<div class=\"elementor-spacer-inner\"><\/div>\n\t\t<\/div>\n\t\t\t\t<\/div>\n\t\t\t\t<\/div>\n\t\t\t\t\t\t<\/div>\n\t\t\t\t\t<\/div>\n\t\t<\/div>\n\t\t\t\t\t\t\t\t<\/div>\n\t\t\t\t\t<\/div>\n\t\t<\/section>\n\t\t\t\t<section class=\"elementor-section elementor-top-section elementor-element elementor-element-224b7cb elementor-section-boxed elementor-section-height-default elementor-section-height-default\" data-id=\"224b7cb\" data-element_type=\"section\">\n\t\t\t\t\t\t<div class=\"elementor-container elementor-column-gap-default\">\n\t\t\t\t\t\t\t<div class=\"elementor-row\">\n\t\t\t\t\t<div class=\"elementor-column elementor-col-100 elementor-top-column elementor-element elementor-element-60ee54e\" data-id=\"60ee54e\" data-element_type=\"column\">\n\t\t\t<div class=\"elementor-column-wrap elementor-element-populated\">\n\t\t\t\t\t\t\t<div class=\"elementor-widget-wrap\">\n\t\t\t\t\t\t<div class=\"elementor-element elementor-element-86ddf92 elementor-widget elementor-widget-heading\" data-id=\"86ddf92\" data-element_type=\"widget\" data-widget_type=\"heading.default\">\n\t\t\t\t<div class=\"elementor-widget-container\">\n\t\t\t<h2 class=\"elementor-heading-title elementor-size-default\">VIEIRA E SANTOS EL\u00c9TRICA E SERVI\u00c7OS<\/h2>\t\t<\/div>\n\t\t\t\t<\/div>\n\t\t\t\t\t\t<\/div>\n\t\t\t\t\t<\/div>\n\t\t<\/div>\n\t\t\t\t\t\t\t\t<\/div>\n\t\t\t\t\t<\/div>\n\t\t<\/section>\n\t\t\t\t<section class=\"elementor-section elementor-top-section elementor-element elementor-element-ace3095 elementor-section-boxed elementor-section-height-default elementor-section-height-default\" data-id=\"ace3095\" data-element_type=\"section\">\n\t\t\t\t\t\t<div class=\"elementor-container elementor-column-gap-wide\">\n\t\t\t\t\t\t\t<div class=\"elementor-row\">\n\t\t\t\t\t<div class=\"elementor-column elementor-col-50 elementor-top-column elementor-element elementor-element-afa62ba\" data-id=\"afa62ba\" data-element_type=\"column\">\n\t\t\t<div class=\"elementor-column-wrap elementor-element-populated\">\n\t\t\t\t\t\t\t<div class=\"elementor-widget-wrap\">\n\t\t\t\t\t\t<div class=\"elementor-element elementor-element-93e2e99 elementor-widget elementor-widget-image\" data-id=\"93e2e99\" data-element_type=\"widget\" data-widget_type=\"image.default\">\n\t\t\t\t<div class=\"elementor-widget-container\">\n\t\t\t\t\t<div class=\"elementor-image\">\n\t\t\t\t\t\t\t\t\t\t<img width=\"1024\" height=\"683\" src=\"https:\/\/veseletrica.com.br\/wp-content\/uploads\/2020\/09\/2020-1024x683.jpg\" class=\"attachment-large size-large\" alt=\"\" loading=\"lazy\" srcset=\"https:\/\/veseletrica.com.br\/wp-content\/uploads\/2020\/09\/2020-1024x683.jpg 1024w, https:\/\/veseletrica.com.br\/wp-content\/uploads\/2020\/09\/2020-300x200.jpg 300w, https:\/\/veseletrica.com.br\/wp-content\/uploads\/2020\/09\/2020-768x512.jpg 768w, https:\/\/veseletrica.com.br\/wp-content\/uploads\/2020\/09\/2020-1536x1024.jpg 1536w, https:\/\/veseletrica.com.br\/wp-content\/uploads\/2020\/09\/2020-2048x1365.jpg 2048w\" sizes=\"(max-width: 1024px) 100vw, 1024px\" \/>\t\t\t\t\t\t\t\t\t\t\t<\/div>\n\t\t\t\t<\/div>\n\t\t\t\t<\/div>\n\t\t\t\t\t\t<\/div>\n\t\t\t\t\t<\/div>\n\t\t<\/div>\n\t\t\t\t<div class=\"elementor-column elementor-col-50 elementor-top-column elementor-element elementor-element-f59541e\" data-id=\"f59541e\" data-element_type=\"column\">\n\t\t\t<div class=\"elementor-column-wrap elementor-element-populated\">\n\t\t\t\t\t\t\t<div class=\"elementor-widget-wrap\">\n\t\t\t\t\t\t<div class=\"elementor-element elementor-element-518039b elementor-widget elementor-widget-text-editor\" data-id=\"518039b\" data-element_type=\"widget\" data-widget_type=\"text-editor.default\">\n\t\t\t\t<div class=\"elementor-widget-container\">\n\t\t\t\t\t<div class=\"elementor-text-editor elementor-clearfix\"><p><span style=\"color: #ffffff; font-family: Sen, sans-serif; font-size: 18px; font-style: normal; font-weight: 400;\">A V&amp;S El\u00e9trica fornece produtos e solu\u00e7\u00f5es de qualidade, gerando seguran\u00e7a, satisfa\u00e7\u00e3o e agregando valor aos servi\u00e7os fornecidos pelos seus clientes.<\/span><\/p><\/div>\n\t\t\t\t<\/div>\n\t\t\t\t<\/div>\n\t\t\t\t<div class=\"elementor-element elementor-element-5984f91 elementor-widget elementor-widget-text-editor\" data-id=\"5984f91\" data-element_type=\"widget\" data-widget_type=\"text-editor.default\">\n\t\t\t\t<div class=\"elementor-widget-container\">\n\t\t\t\t\t<div class=\"elementor-text-editor elementor-clearfix\"><p><span style=\"color: #ffffff; font-family: Sen, sans-serif; font-size: 18px; font-style: normal; font-weight: 400; text-align: justify;\">Com atendimento r\u00e1pido e pr\u00e1tico, adequa os produtos e servi\u00e7os conforme as normas e padr\u00f5es aplic\u00e1veis.<\/span><\/p><\/div>\n\t\t\t\t<\/div>\n\t\t\t\t<\/div>\n\t\t\t\t<div class=\"elementor-element elementor-element-f59b22f elementor-widget elementor-widget-text-editor\" data-id=\"f59b22f\" data-element_type=\"widget\" data-widget_type=\"text-editor.default\">\n\t\t\t\t<div class=\"elementor-widget-container\">\n\t\t\t\t\t<div class=\"elementor-text-editor elementor-clearfix\"><p><span style=\"color: #ffffff; font-family: Sen, sans-serif; font-size: 18px; font-style: normal; font-weight: 400; text-align: justify;\">Equipe com profissionais origin\u00e1rios de empresas renomadas, possui ampla experi\u00eancia e conhecimento t\u00e9cnico.<\/span><\/p><\/div>\n\t\t\t\t<\/div>\n\t\t\t\t<\/div>\n\t\t\t\t<div class=\"elementor-element elementor-element-0310180 elementor-widget elementor-widget-spacer\" data-id=\"0310180\" data-element_type=\"widget\" data-widget_type=\"spacer.default\">\n\t\t\t\t<div class=\"elementor-widget-container\">\n\t\t\t\t\t<div class=\"elementor-spacer\">\n\t\t\t<div class=\"elementor-spacer-inner\"><\/div>\n\t\t<\/div>\n\t\t\t\t<\/div>\n\t\t\t\t<\/div>\n\t\t\t\t\t\t<\/div>\n\t\t\t\t\t<\/div>\n\t\t<\/div>\n\t\t\t\t\t\t\t\t<\/div>\n\t\t\t\t\t<\/div>\n\t\t<\/section>\n\t\t\t\t<section class=\"elementor-section elementor-top-section elementor-element elementor-element-ff4d417 elementor-section-boxed elementor-section-height-default elementor-section-height-default\" data-id=\"ff4d417\" data-element_type=\"section\" data-settings=\"{&quot;background_background&quot;:&quot;classic&quot;}\">\n\t\t\t\t\t\t\t<div class=\"elementor-background-overlay\"><\/div>\n\t\t\t\t\t\t\t<div class=\"elementor-container elementor-column-gap-default\">\n\t\t\t\t\t\t\t<div class=\"elementor-row\">\n\t\t\t\t\t<div class=\"elementor-column elementor-col-100 elementor-top-column elementor-element elementor-element-07b6756\" data-id=\"07b6756\" data-element_type=\"column\">\n\t\t\t<div class=\"elementor-column-wrap elementor-element-populated\">\n\t\t\t\t\t\t\t<div class=\"elementor-widget-wrap\">\n\t\t\t\t\t\t<div class=\"elementor-element elementor-element-7ad65d8 elementor-widget elementor-widget-spacer\" data-id=\"7ad65d8\" data-element_type=\"widget\" data-widget_type=\"spacer.default\">\n\t\t\t\t<div class=\"elementor-widget-container\">\n\t\t\t\t\t<div class=\"elementor-spacer\">\n\t\t\t<div class=\"elementor-spacer-inner\"><\/div>\n\t\t<\/div>\n\t\t\t\t<\/div>\n\t\t\t\t<\/div>\n\t\t\t\t<div class=\"elementor-element elementor-element-2df1369 elementor-widget elementor-widget-heading\" data-id=\"2df1369\" data-element_type=\"widget\" data-widget_type=\"heading.default\">\n\t\t\t\t<div class=\"elementor-widget-container\">\n\t\t\t<h2 class=\"elementor-heading-title elementor-size-default\">\u00c1reas de Atua\u00e7\u00e3o<\/h2>\t\t<\/div>\n\t\t\t\t<\/div>\n\t\t\t\t<div class=\"elementor-element elementor-element-b70fa29 elementor-widget elementor-widget-spacer\" data-id=\"b70fa29\" data-element_type=\"widget\" data-widget_type=\"spacer.default\">\n\t\t\t\t<div class=\"elementor-widget-container\">\n\t\t\t\t\t<div class=\"elementor-spacer\">\n\t\t\t<div class=\"elementor-spacer-inner\"><\/div>\n\t\t<\/div>\n\t\t\t\t<\/div>\n\t\t\t\t<\/div>\n\t\t\t\t\t\t<\/div>\n\t\t\t\t\t<\/div>\n\t\t<\/div>\n\t\t\t\t\t\t\t\t<\/div>\n\t\t\t\t\t<\/div>\n\t\t<\/section>\n\t\t\t\t<section class=\"elementor-section elementor-top-section elementor-element elementor-element-4f0c7d6 elementor-section-content-middle elementor-section-boxed elementor-section-height-default elementor-section-height-default\" data-id=\"4f0c7d6\" data-element_type=\"section\" data-settings=\"{&quot;background_background&quot;:&quot;classic&quot;}\">\n\t\t\t\t\t\t<div class=\"elementor-container elementor-column-gap-wide\">\n\t\t\t\t\t\t\t<div class=\"elementor-row\">\n\t\t\t\t\t<div class=\"elementor-column elementor-col-50 elementor-top-column elementor-element elementor-element-e78e710\" data-id=\"e78e710\" data-element_type=\"column\">\n\t\t\t<div class=\"elementor-column-wrap elementor-element-populated\">\n\t\t\t\t\t\t\t<div class=\"elementor-widget-wrap\">\n\t\t\t\t\t\t<div class=\"elementor-element elementor-element-0919327 elementor-widget elementor-widget-image\" data-id=\"0919327\" data-element_type=\"widget\" data-widget_type=\"image.default\">\n\t\t\t\t<div class=\"elementor-widget-container\">\n\t\t\t\t\t<div class=\"elementor-image\">\n\t\t\t\t\t\t\t\t\t\t\t<a href=\"https:\/\/veseletrica.com.br\/wp-content\/uploads\/2020\/09\/Equipamentos2.png\" data-elementor-open-lightbox=\"yes\" data-elementor-lightbox-title=\"Equipamentos2\">\n\t\t\t\t\t\t\t<img width=\"464\" height=\"421\" src=\"https:\/\/veseletrica.com.br\/wp-content\/uploads\/2020\/09\/Equipamentos2.png\" class=\"attachment-full size-full\" alt=\"\" loading=\"lazy\" srcset=\"https:\/\/veseletrica.com.br\/wp-content\/uploads\/2020\/09\/Equipamentos2.png 464w, https:\/\/veseletrica.com.br\/wp-content\/uploads\/2020\/09\/Equipamentos2-300x272.png 300w\" sizes=\"(max-width: 464px) 100vw, 464px\" \/>\t\t\t\t\t\t\t\t<\/a>\n\t\t\t\t\t\t\t\t\t\t\t<\/div>\n\t\t\t\t<\/div>\n\t\t\t\t<\/div>\n\t\t\t\t\t\t<\/div>\n\t\t\t\t\t<\/div>\n\t\t<\/div>\n\t\t\t\t<div class=\"elementor-column elementor-col-50 elementor-top-column elementor-element elementor-element-d21a52f\" data-id=\"d21a52f\" data-element_type=\"column\">\n\t\t\t<div class=\"elementor-column-wrap elementor-element-populated\">\n\t\t\t\t\t\t\t<div class=\"elementor-widget-wrap\">\n\t\t\t\t\t\t<div class=\"elementor-element elementor-element-428d07b elementor-widget elementor-widget-text-editor\" data-id=\"428d07b\" data-element_type=\"widget\" data-widget_type=\"text-editor.default\">\n\t\t\t\t<div class=\"elementor-widget-container\">\n\t\t\t\t\t<div class=\"elementor-text-editor elementor-clearfix\"><p><strong>\u2022 Engenharia<\/strong> &#8211; Cobre todo o ciclo de vida de projetos industriais, partindo da an\u00e1lise de viabilidade t\u00e9cnica e econ\u00f4mica do empreendimento e seguindo at\u00e9 a opera\u00e7\u00e3o assistida;<\/p><p><strong>\u2022 Automa\u00e7\u00e3o<\/strong> &#8211; Desenvolve solu\u00e7\u00f5es com produtos de mercado ou desenvolvimentos espec\u00edficos, tanto para gerenciamento quanto para otimiza\u00e7\u00f5es de plantas industriais;<\/p><\/div>\n\t\t\t\t<\/div>\n\t\t\t\t<\/div>\n\t\t\t\t\t\t<\/div>\n\t\t\t\t\t<\/div>\n\t\t<\/div>\n\t\t\t\t\t\t\t\t<\/div>\n\t\t\t\t\t<\/div>\n\t\t<\/section>\n\t\t\t\t<section class=\"elementor-section elementor-top-section elementor-element elementor-element-f5f4732 elementor-section-content-middle elementor-section-boxed elementor-section-height-default elementor-section-height-default\" data-id=\"f5f4732\" data-element_type=\"section\" data-settings=\"{&quot;background_background&quot;:&quot;classic&quot;}\">\n\t\t\t\t\t\t<div class=\"elementor-container elementor-column-gap-wide\">\n\t\t\t\t\t\t\t<div class=\"elementor-row\">\n\t\t\t\t\t<div class=\"elementor-column elementor-col-50 elementor-top-column elementor-element elementor-element-816b6b4\" data-id=\"816b6b4\" data-element_type=\"column\">\n\t\t\t<div class=\"elementor-column-wrap elementor-element-populated\">\n\t\t\t\t\t\t\t<div class=\"elementor-widget-wrap\">\n\t\t\t\t\t\t<div class=\"elementor-element elementor-element-1e4caa7 elementor-widget elementor-widget-text-editor\" data-id=\"1e4caa7\" data-element_type=\"widget\" data-widget_type=\"text-editor.default\">\n\t\t\t\t<div class=\"elementor-widget-container\">\n\t\t\t\t\t<div class=\"elementor-text-editor elementor-clearfix\"><p><strong>\u2022 Consultoria<\/strong> &#8211; Fornece subs\u00eddios t\u00e9cnicos para que decis\u00f5es possam ser tomadas na dire\u00e7\u00e3o correta do desenvolvimento tecnol\u00f3gico de nossos clientes;<br \/><br \/><\/p><p><strong>\u2022 Instala\u00e7\u00e3o El\u00e9trica<\/strong> \u2013 Instala, comissiona e coloca em marcha os projetos el\u00e9tricos \u00e9 de automa\u00e7\u00e3o de m\u00e1quinas e equipamentos industriais.<\/p><\/div>\n\t\t\t\t<\/div>\n\t\t\t\t<\/div>\n\t\t\t\t\t\t<\/div>\n\t\t\t\t\t<\/div>\n\t\t<\/div>\n\t\t\t\t<div class=\"elementor-column elementor-col-50 elementor-top-column elementor-element elementor-element-e2571c6\" data-id=\"e2571c6\" data-element_type=\"column\">\n\t\t\t<div class=\"elementor-column-wrap elementor-element-populated\">\n\t\t\t\t\t\t\t<div class=\"elementor-widget-wrap\">\n\t\t\t\t\t\t<div class=\"elementor-element elementor-element-9716e56 elementor-widget elementor-widget-image\" data-id=\"9716e56\" data-element_type=\"widget\" data-widget_type=\"image.default\">\n\t\t\t\t<div class=\"elementor-widget-container\">\n\t\t\t\t\t<div class=\"elementor-image\">\n\t\t\t\t\t\t\t\t\t\t\t<a href=\"https:\/\/veseletrica.com.br\/wp-content\/uploads\/2020\/09\/Equipamentos3.png\" data-elementor-open-lightbox=\"yes\" data-elementor-lightbox-title=\"Equipamentos3\">\n\t\t\t\t\t\t\t<img width=\"464\" height=\"421\" src=\"https:\/\/veseletrica.com.br\/wp-content\/uploads\/2020\/09\/Equipamentos3.png\" class=\"attachment-full size-full\" alt=\"\" loading=\"lazy\" srcset=\"https:\/\/veseletrica.com.br\/wp-content\/uploads\/2020\/09\/Equipamentos3.png 464w, https:\/\/veseletrica.com.br\/wp-content\/uploads\/2020\/09\/Equipamentos3-300x272.png 300w\" sizes=\"(max-width: 464px) 100vw, 464px\" \/>\t\t\t\t\t\t\t\t<\/a>\n\t\t\t\t\t\t\t\t\t\t\t<\/div>\n\t\t\t\t<\/div>\n\t\t\t\t<\/div>\n\t\t\t\t<div class=\"elementor-element elementor-element-cb906d3 elementor-widget elementor-widget-spacer\" data-id=\"cb906d3\" data-element_type=\"widget\" data-widget_type=\"spacer.default\">\n\t\t\t\t<div class=\"elementor-widget-container\">\n\t\t\t\t\t<div class=\"elementor-spacer\">\n\t\t\t<div class=\"elementor-spacer-inner\"><\/div>\n\t\t<\/div>\n\t\t\t\t<\/div>\n\t\t\t\t<\/div>\n\t\t\t\t\t\t<\/div>\n\t\t\t\t\t<\/div>\n\t\t<\/div>\n\t\t\t\t\t\t\t\t<\/div>\n\t\t\t\t\t<\/div>\n\t\t<\/section>\n\t\t\t\t<section class=\"elementor-section elementor-top-section elementor-element elementor-element-a67e293 elementor-section-boxed elementor-section-height-default elementor-section-height-default\" data-id=\"a67e293\" data-element_type=\"section\">\n\t\t\t\t\t\t<div class=\"elementor-container elementor-column-gap-default\">\n\t\t\t\t\t\t\t<div class=\"elementor-row\">\n\t\t\t\t\t<div class=\"elementor-column elementor-col-100 elementor-top-column elementor-element elementor-element-0caf87c\" data-id=\"0caf87c\" data-element_type=\"column\">\n\t\t\t<div class=\"elementor-column-wrap elementor-element-populated\">\n\t\t\t\t\t\t\t<div class=\"elementor-widget-wrap\">\n\t\t\t\t\t\t<div class=\"elementor-element elementor-element-a5e55f9 elementor-widget elementor-widget-spacer\" data-id=\"a5e55f9\" data-element_type=\"widget\" data-widget_type=\"spacer.default\">\n\t\t\t\t<div class=\"elementor-widget-container\">\n\t\t\t\t\t<div class=\"elementor-spacer\">\n\t\t\t<div class=\"elementor-spacer-inner\"><\/div>\n\t\t<\/div>\n\t\t\t\t<\/div>\n\t\t\t\t<\/div>\n\t\t\t\t<div class=\"elementor-element elementor-element-5b39115 elementor-widget elementor-widget-heading\" data-id=\"5b39115\" data-element_type=\"widget\" data-widget_type=\"heading.default\">\n\t\t\t\t<div class=\"elementor-widget-container\">\n\t\t\t<h2 class=\"elementor-heading-title elementor-size-default\">Contato<\/h2>\t\t<\/div>\n\t\t\t\t<\/div>\n\t\t\t\t<section class=\"elementor-section elementor-inner-section elementor-element elementor-element-6bb618b elementor-section-content-middle elementor-section-boxed elementor-section-height-default elementor-section-height-default\" data-id=\"6bb618b\" data-element_type=\"section\">\n\t\t\t\t\t\t<div class=\"elementor-container elementor-column-gap-wide\">\n\t\t\t\t\t\t\t<div class=\"elementor-row\">\n\t\t\t\t\t<div class=\"elementor-column elementor-col-50 elementor-inner-column elementor-element elementor-element-96c01a5\" data-id=\"96c01a5\" data-element_type=\"column\">\n\t\t\t<div class=\"elementor-column-wrap elementor-element-populated\">\n\t\t\t\t\t\t\t<div class=\"elementor-widget-wrap\">\n\t\t\t\t\t\t<div class=\"elementor-element elementor-element-81c89c9 elementor-widget elementor-widget-google_maps\" data-id=\"81c89c9\" data-element_type=\"widget\" data-widget_type=\"google_maps.default\">\n\t\t\t\t<div class=\"elementor-widget-container\">\n\t\t\t<div class=\"elementor-custom-embed\"><iframe frameborder=\"0\" scrolling=\"no\" marginheight=\"0\" marginwidth=\"0\" src=\"https:\/\/maps.google.com\/maps?q=Afonsina%20de%20Oliveira%20Rangel%2C%20146%20Vila%20Maria%2C%2027313-430&amp;t=m&amp;z=14&amp;output=embed&amp;iwloc=near\" title=\"Afonsina de Oliveira Rangel, 146 Vila Maria, 27313-430\" aria-label=\"Afonsina de Oliveira Rangel, 146 Vila Maria, 27313-430\"><\/iframe><\/div>\t\t<\/div>\n\t\t\t\t<\/div>\n\t\t\t\t\t\t<\/div>\n\t\t\t\t\t<\/div>\n\t\t<\/div>\n\t\t\t\t<div class=\"elementor-column elementor-col-50 elementor-inner-column elementor-element elementor-element-40cb717\" data-id=\"40cb717\" data-element_type=\"column\">\n\t\t\t<div class=\"elementor-column-wrap elementor-element-populated\">\n\t\t\t\t\t\t\t<div class=\"elementor-widget-wrap\">\n\t\t\t\t\t\t<div class=\"elementor-element elementor-element-6ac4eb8 elementor-widget elementor-widget-text-editor\" data-id=\"6ac4eb8\" data-element_type=\"widget\" data-widget_type=\"text-editor.default\">\n\t\t\t\t<div class=\"elementor-widget-container\">\n\t\t\t\t\t<div class=\"elementor-text-editor elementor-clearfix\"><p>ENDERE\u00c7O<b><br><\/b><span style=\"font-size: 15px; letter-spacing: -0.1px;\">Rua Afonsina de Oliveira Rangel, 146<br><\/span><span style=\"font-size: 15px; letter-spacing: -0.1px;\">Vila Maria &#8211; Barra Mansa &#8211; RJ&nbsp;<\/span><\/p>\n<p><b>TELEFONE<\/b><br><span style=\"font-size: 15px; letter-spacing: -0.1px;\"><a href=\"https:\/\/api.whatsapp.com\/send?phone=24988025284\" target=\"_blank\" rel=\"noopener\">(24) 98802-5284<\/a><br><\/span><\/p>\n<p><b>E-MAIL<\/b><br><span style=\"font-size: 15px; letter-spacing: -0.1px;\"><a href=\"mailto:comercial@veseletrica.com.br\" target=\"_blank\" rel=\"noopener\">comercial@veseletrica.com.br<\/a><\/span><\/p>\n<p><b>REDES SOCIAIS<\/b><br>@veseletrica<\/p><\/div>\n\t\t\t\t<\/div>\n\t\t\t\t<\/div>\n\t\t\t\t\t\t<\/div>\n\t\t\t\t\t<\/div>\n\t\t<\/div>\n\t\t\t\t\t\t\t\t<\/div>\n\t\t\t\t\t<\/div>\n\t\t<\/section>\n\t\t\t\t\t\t<\/div>\n\t\t\t\t\t<\/div>\n\t\t<\/div>\n\t\t\t\t\t\t\t\t<\/div>\n\t\t\t\t\t<\/div>\n\t\t<\/section>\n\t\t\t\t\t\t<\/div>\n\t\t\t\t\t\t<\/div>\n\t\t\t\t\t<\/div>\n\t\t","protected":false},"excerpt":{"rendered":"<p>VIEIRA E SANTOS EL\u00c9TRICA E SERVI\u00c7OS A V&amp;S El\u00e9trica fornece produtos e solu\u00e7\u00f5es de qualidade, gerando seguran\u00e7a, satisfa\u00e7\u00e3o e agregando valor aos servi\u00e7os fornecidos pelos seus clientes. Com atendimento r\u00e1pido e pr\u00e1tico, adequa os produtos e servi\u00e7os conforme as normas e padr\u00f5es aplic\u00e1veis. Equipe com profissionais origin\u00e1rios de empresas renomadas, possui ampla experi\u00eancia e conhecimento &hellip;<\/p>\n<p class=\"read-more\"> <a class=\"\" href=\"https:\/\/veseletrica.com.br\/\"> <span class=\"screen-reader-text\">Home<\/span> Leia mais &raquo;<\/a><\/p>\n","protected":false},"author":1,"featured_media":0,"parent":0,"menu_order":0,"comment_status":"closed","ping_status":"closed","template":"elementor_header_footer","meta":[],"_links":{"self":[{"href":"https:\/\/veseletrica.com.br\/index.php?rest_route=\/wp\/v2\/pages\/23"}],"collection":[{"href":"https:\/\/veseletrica.com.br\/index.php?rest_route=\/wp\/v2\/pages"}],"about":[{"href":"https:\/\/veseletrica.com.br\/index.php?rest_route=\/wp\/v2\/types\/page"}],"author":[{"embeddable":true,"href":"https:\/\/veseletrica.com.br\/index.php?rest_route=\/wp\/v2\/users\/1"}],"replies":[{"embeddable":true,"href":"https:\/\/veseletrica.com.br\/index.php?rest_route=%2Fwp%2Fv2%2Fcomments&post=23"}],"version-history":[{"count":76,"href":"https:\/\/veseletrica.com.br\/index.php?rest_route=\/wp\/v2\/pages\/23\/revisions"}],"predecessor-version":[{"id":170,"href":"https:\/\/veseletrica.com.br\/index.php?rest_route=\/wp\/v2\/pages\/23\/revisions\/170"}],"wp:attachment":[{"href":"https:\/\/veseletrica.com.br\/index.php?rest_route=%2Fwp%2Fv2%2Fmedia&parent=23"}],"curies":[{"name":"wp","href":"https:\/\/api.w.org\/{rel}","templated":true}]}}